{"id":159,"date":"2026-04-19T15:50:33","date_gmt":"2026-04-19T15:50:33","guid":{"rendered":"https:\/\/zahnarztpraxis-cernovsky.de\/apotheke\/?post_type=product&#038;p=159"},"modified":"2026-04-19T15:59:49","modified_gmt":"2026-04-19T15:59:49","slug":"virile-force-bewertungen-warnungen-erfahrungen-nebenwirkungen-wirkt-es","status":"publish","type":"product","link":"https:\/\/zahnarztpraxis-cernovsky.de\/apotheke\/product\/virile-force-bewertungen-warnungen-erfahrungen-nebenwirkungen-wirkt-es\/","title":{"rendered":"Virile Force Bewertungen {Warnungen}: Erfahrungen, Nebenwirkungen \u2013 Wirkt es?"},"content":{"rendered":"<p data-start=\"633\" data-end=\"1183\"><\/p>\r\n<h2 class=\"wp-block-heading\"><strong>Virile Force Bewertungen\u00a0<\/strong><\/h2>\r\n<p data-start=\"633\" data-end=\"1183\">Virile Force ist ein Kapsel-Supplement f\u00fcr M\u00e4nner, die sich fitter und st\u00e4rker f\u00fchlen m\u00f6chten. Es wurde entwickelt, um die sexuelle Leistung und das Wohlbefinden zu unterst\u00fctzen. Die Inhaltsstoffe helfen, den Testosteronspiegel nat\u00fcrlich zu verbessern. Gleichzeitig kann das Produkt die Lust steigern und die Blutzirkulation f\u00f6rdern. Nutzer k\u00f6nnen mehr Energie im Alltag sp\u00fcren und ihre k\u00f6rperliche Leistung verbessern. Auch das Selbstbewusstsein kann dadurch wachsen. Virile Force ist leicht einzunehmen und eine praktische Hilfe f\u00fcr mehr Vitalit\u00e4t.<\/p>\r\n<h2 class=\"wp-block-heading\"><strong>Virile Force Vorteile<\/strong><\/h2>\r\n<ul data-start=\"2375\" data-end=\"2689\">\r\n<li data-section-id=\"y0rwnp\" data-start=\"2375\" data-end=\"2418\">Unterst\u00fctzt sexuelle Leistungsf\u00e4higkeit<\/li>\r\n<li data-section-id=\"tmeo48\" data-start=\"2419\" data-end=\"2448\">Kann mehr Energie liefern<\/li>\r\n<li data-section-id=\"r48pzu\" data-start=\"2449\" data-end=\"2476\">F\u00f6rdert gesunde Hormone<\/li>\r\n<li data-section-id=\"v27c9u\" data-start=\"2477\" data-end=\"2509\">Unterst\u00fctzt die Durchblutung<\/li>\r\n<li data-section-id=\"375s7u\" data-start=\"2510\" data-end=\"2532\">Hilft der Prostata<\/li>\r\n<li data-section-id=\"brpyyt\" data-start=\"2533\" data-end=\"2556\">Kann Stress mindern<\/li>\r\n<li data-section-id=\"q783pr\" data-start=\"2557\" data-end=\"2589\">St\u00e4rkt das Selbstbewusstsein<\/li>\r\n<li data-section-id=\"m0u16q\" data-start=\"2590\" data-end=\"2622\">Unterst\u00fctzt l\u00e4ngere Ausdauer<\/li>\r\n<li data-section-id=\"65a8y6\" data-start=\"2623\" data-end=\"2648\">F\u00f6rdert die Vitalit\u00e4t<\/li>\r\n<li data-section-id=\"jqu1og\" data-start=\"2649\" data-end=\"2689\">Hilft, den ganzen Tag fit zu bleiben<\/li>\r\n<\/ul>\r\n<p data-start=\"1424\" data-end=\"1637\"><strong data-start=\"1424\" data-end=\"1461\">Wann wird Virile Force verwendet?<\/strong><br data-start=\"1461\" data-end=\"1464\" \/>Virile Force kann von M\u00e4nnern genutzt werden, die ihre sexuelle Leistungsf\u00e4higkeit steigern m\u00f6chten. Es hilft dabei, die Libido zu f\u00f6rdern und das Verlangen zu verbessern.<\/p>\r\n<p data-start=\"1639\" data-end=\"1865\">Gleichzeitig unterst\u00fctzt es den nat\u00fcrlichen Testosteronspiegel und kann die Durchblutung verbessern. Dadurch kann sich auch die k\u00f6rperliche Leistung steigern. Viele Anwender berichten von mehr Energie und Ausdauer im Alltag.<\/p>\r\n<p data-start=\"1867\" data-end=\"2090\">Das Produkt kann auch helfen, das hormonelle Gleichgewicht zu unterst\u00fctzen. So f\u00fchlen sich M\u00e4nner oft aktiver, st\u00e4rker und selbstsicherer. Die pflanzlichen Inhaltsstoffe wirken zusammen f\u00fcr eine bessere m\u00e4nnliche Vitalit\u00e4t.<\/p>\r\n<p data-start=\"2092\" data-end=\"2257\"><strong data-start=\"2092\" data-end=\"2129\">F\u00fcr wen ist Virile Force gedacht?<\/strong><br data-start=\"2129\" data-end=\"2132\" \/>Virile Force ist f\u00fcr erwachsene M\u00e4nner geeignet, die ihre Gesundheit und Vitalit\u00e4t auf nat\u00fcrliche Weise verbessern m\u00f6chten.<\/p>\r\n<p data-start=\"2259\" data-end=\"2290\">Es ist besonders passend f\u00fcr:<\/p>\r\n<ul data-start=\"2291\" data-end=\"2527\">\r\n<li data-section-id=\"1hymhxi\" data-start=\"2291\" data-end=\"2335\">M\u00e4nner mit sinkendem sexuellem Verlangen<\/li>\r\n<li data-section-id=\"w8rwq9\" data-start=\"2336\" data-end=\"2407\">M\u00e4nner, die ihren Testosteronspiegel nat\u00fcrlich unterst\u00fctzen m\u00f6chten<\/li>\r\n<li data-section-id=\"13mnt38\" data-start=\"2408\" data-end=\"2463\">Aktive M\u00e4nner, die mehr Energie und Leistung wollen<\/li>\r\n<li data-section-id=\"1dyzs8u\" data-start=\"2464\" data-end=\"2527\">M\u00e4nner, die ihr allgemeines Wohlbefinden verbessern m\u00f6chten<\/li>\r\n<\/ul>\r\n<p data-start=\"2529\" data-end=\"2653\">Virile Force ist ideal f\u00fcr alle, die eine einfache und nat\u00fcrliche L\u00f6sung suchen, um ihre Vitalit\u00e4t langfristig zu st\u00e4rken.<\/p>\r\n<p data-start=\"1478\" data-end=\"1610\"><strong data-start=\"1478\" data-end=\"1512\">Inhaltsstoffe von Virile Force<\/strong><br data-start=\"1512\" data-end=\"1515\" \/>Virile Force besteht aus nat\u00fcrlichen Pflanzenextrakten, die zusammen eine starke Wirkung haben.<\/p>\r\n<p data-start=\"1612\" data-end=\"2083\">\ud83c\udf3f <strong data-start=\"1615\" data-end=\"1635\">Horny Goat Weed:<\/strong> Unterst\u00fctzt die Durchblutung und kann das sexuelle Verlangen erh\u00f6hen<br data-start=\"1704\" data-end=\"1707\" \/>\ud83c\udf3f <strong data-start=\"1710\" data-end=\"1738\">Tongkat Ali (Long Jack):<\/strong> F\u00f6rdert den Testosteronspiegel und steigert Energie und Muskelkraft<br data-start=\"1806\" data-end=\"1809\" \/>\ud83c\udf3f <strong data-start=\"1812\" data-end=\"1826\">S\u00e4gepalme:<\/strong> Hilft, die Hormone im Gleichgewicht zu halten und unterst\u00fctzt die Prostata<br data-start=\"1901\" data-end=\"1904\" \/>\ud83c\udf3f <strong data-start=\"1907\" data-end=\"1924\">Sarsaparille:<\/strong> Kann das Energieniveau steigern und die m\u00e4nnliche Gesundheit st\u00e4rken<br data-start=\"1993\" data-end=\"1996\" \/>\ud83c\udf3f <strong data-start=\"1999\" data-end=\"2020\">Wilde Yamswurzel:<\/strong> Tr\u00e4gt zur Hormonbalance und zum allgemeinen Wohlbefinden bei<\/p>\r\n<p data-start=\"2085\" data-end=\"2170\">Diese Kombination sorgt daf\u00fcr, dass mehrere Bereiche gleichzeitig unterst\u00fctzt werden.<\/p>\r\n<p data-start=\"2172\" data-end=\"2382\"><strong data-start=\"2172\" data-end=\"2199\">Wie wirkt Virile Force?<\/strong><br data-start=\"2199\" data-end=\"2202\" \/>Virile Force wirkt auf verschiedene Teile des K\u00f6rpers. Es kann die Durchblutung verbessern und die Libido erh\u00f6hen. Gleichzeitig unterst\u00fctzt es den nat\u00fcrlichen Testosteronspiegel.<\/p>\r\n<p data-start=\"2384\" data-end=\"2508\">Viele Anwender f\u00fchlen sich nach einiger Zeit energiegeladener und aktiver. Auch Kraft und Ausdauer k\u00f6nnen sich verbessern.<\/p>\r\n<p data-start=\"2510\" data-end=\"2684\">Dar\u00fcber hinaus kann das Produkt das hormonelle Gleichgewicht f\u00f6rdern und die Prostata unterst\u00fctzen. Insgesamt hilft es, die Lebensqualit\u00e4t und das Wohlbefinden zu steigern.<\/p>\r\n<p data-start=\"1235\" data-end=\"1404\"><strong data-start=\"1235\" data-end=\"1279\">Dosierung und Anwendung von Virile Force<\/strong><br data-start=\"1279\" data-end=\"1282\" \/>Virile Force l\u00e4sst sich leicht in die t\u00e4gliche Routine einbauen. F\u00fcr die beste Wirkung empfiehlt sich folgende Einnahme:<\/p>\r\n<p data-start=\"1406\" data-end=\"1583\">\u2705 T\u00e4glich 1 bis 2 Kapseln einnehmen<br data-start=\"1441\" data-end=\"1444\" \/>\u2705 Am besten mit dem Essen<br data-start=\"1469\" data-end=\"1472\" \/>\u2705 Genug Wasser dazu trinken<br data-start=\"1499\" data-end=\"1502\" \/>\u2705 Jeden Tag zur gleichen Zeit verwenden<br data-start=\"1541\" data-end=\"1544\" \/>\u2705 \u00dcber l\u00e4ngere Zeit regelm\u00e4\u00dfig nutzen<\/p>\r\n<p data-start=\"1585\" data-end=\"1667\">So kann das Produkt seine Wirkung besser entfalten und die Vitalit\u00e4t unterst\u00fctzen.<\/p>\r\n<p data-start=\"1669\" data-end=\"1845\"><strong data-start=\"1669\" data-end=\"1691\">Vorsichtsma\u00dfnahmen<\/strong><br data-start=\"1691\" data-end=\"1694\" \/>Virile Force wird in der Regel gut vertragen. Menschen mit Allergien gegen die Inhaltsstoffe sollten vorsichtig sein und das Produkt nicht einnehmen.<\/p>\r\n<p data-start=\"1847\" data-end=\"1946\">Bei Krankheiten oder wenn Medikamente genommen werden, ist es wichtig, vorher einen Arzt zu fragen.<\/p>\r\n<p data-start=\"1948\" data-end=\"2094\"><strong data-start=\"1948\" data-end=\"1975\">M\u00f6gliche Nebenwirkungen<\/strong><br data-start=\"1975\" data-end=\"1978\" \/>Die pflanzlichen Inhaltsstoffe sind meist gut vertr\u00e4glich. Manchmal k\u00f6nnen leichte Beschwerden im Magen auftreten.<\/p>\r\n<p data-start=\"2096\" data-end=\"2253\">Bei ungew\u00f6hnlichen Reaktionen sollte die Einnahme beendet werden. In den meisten F\u00e4llen berichten Nutzer jedoch von keinen Problemen und guten Ergebnissen.<\/p>\r\n<p data-start=\"1297\" data-end=\"1503\"><strong data-start=\"1297\" data-end=\"1350\">Virile Force \u2013 Vorteile f\u00fcr Energie und Vitalit\u00e4t<\/strong><br data-start=\"1350\" data-end=\"1353\" \/>Bei regelm\u00e4\u00dfiger Anwendung berichten viele M\u00e4nner von einer besseren Libido und mehr Energie. Auch das allgemeine Wohlbefinden kann sich verbessern.<\/p>\r\n<p data-start=\"1505\" data-end=\"1663\">Das Produkt kann die k\u00f6rperliche Leistungsf\u00e4higkeit steigern und f\u00fcr mehr Kraft und Ausdauer sorgen. Viele f\u00fchlen sich im Alltag aktiver und selbstsicherer.<\/p>\r\n<p data-start=\"1665\" data-end=\"1767\">Virile Force unterst\u00fctzt nicht nur die sexuelle Gesundheit, sondern auch die Lebensqualit\u00e4t insgesamt.<\/p>\r\n<p data-start=\"1769\" data-end=\"1838\"><strong data-start=\"1769\" data-end=\"1788\">Kundenmeinungen<\/strong><br data-start=\"1788\" data-end=\"1791\" \/>Viele Anwender teilen positive R\u00fcckmeldungen:<\/p>\r\n<p data-start=\"1840\" data-end=\"2035\">\u201eIch f\u00fchle mich energiegeladener und habe mehr Lust als vorher.\u201c<br data-start=\"1904\" data-end=\"1907\" \/>\u201eSehr einfach einzunehmen, und die Wirkung kam nach kurzer Zeit.\u201c<br data-start=\"1972\" data-end=\"1975\" \/>\u201eIch bin insgesamt fitter geworden und f\u00fchle mich wohler.\u201c<\/p>\r\n<p data-start=\"2037\" data-end=\"2111\">Diese Erfahrungen zeigen, dass das Produkt bei vielen M\u00e4nnern gut ankommt.<\/p>\r\n<p data-start=\"2113\" data-end=\"2252\"><strong data-start=\"2113\" data-end=\"2129\">Aufbewahrung<\/strong><br data-start=\"2129\" data-end=\"2132\" \/>Das Produkt sollte an einem k\u00fchlen, trockenen Ort gelagert werden. Direkte Sonneneinstrahlung sollte vermieden werden.<\/p>\r\n<p data-start=\"2254\" data-end=\"2366\">Bitte au\u00dferhalb der Reichweite von Kindern aufbewahren. Die Haltbarkeit betr\u00e4gt in der Regel bis zu 24 Monate.<\/p>\r\n<p data-start=\"90\" data-end=\"123\"><strong data-start=\"90\" data-end=\"123\">FAQ \u2013 H\u00e4ufig gestellte Fragen<\/strong><\/p>\r\n<p data-start=\"125\" data-end=\"298\"><strong data-start=\"125\" data-end=\"166\">Wann kann ich erste Ergebnisse sehen?<\/strong><br data-start=\"166\" data-end=\"169\" \/>Viele M\u00e4nner bemerken nach 2 bis 4 Wochen erste Ver\u00e4nderungen. F\u00fcr beste Ergebnisse sollte das Produkt regelm\u00e4\u00dfig genutzt werden.<\/p>\r\n<p data-start=\"300\" data-end=\"423\"><strong data-start=\"300\" data-end=\"340\">Ist Virile Force f\u00fcr Sport geeignet?<\/strong><br data-start=\"340\" data-end=\"343\" \/>Ja, es kann die Energie und Ausdauer unterst\u00fctzen und ist gut f\u00fcr aktive M\u00e4nner.<\/p>\r\n<p data-start=\"425\" data-end=\"567\"><strong data-start=\"425\" data-end=\"476\">Kann ich es mit anderen Medikamenten einnehmen?<\/strong><br data-start=\"476\" data-end=\"479\" \/>Wenn du Medikamente nimmst oder gesundheitliche Probleme hast, frage vorher deinen Arzt.<\/p>\r\n<p data-start=\"569\" data-end=\"670\"><strong data-start=\"569\" data-end=\"605\">Wie ist die empfohlene Einnahme?<\/strong><br data-start=\"605\" data-end=\"608\" \/>1 bis 2 Kapseln t\u00e4glich, am besten immer zur gleichen Uhrzeit.<\/p>\r\n<p data-start=\"672\" data-end=\"793\"><strong data-start=\"672\" data-end=\"709\">F\u00fcr wen ist Virile Force gedacht?<\/strong><br data-start=\"709\" data-end=\"712\" \/>F\u00fcr erwachsene M\u00e4nner, die ihre Energie, Libido und Vitalit\u00e4t verbessern m\u00f6chten.<\/p>\r\n<p data-start=\"633\" data-end=\"1183\"><\/p>\r\n<a href=\"https:\/\/www.premierdiscountlink.com\/3Q3GGQ7\/H9LTB5H\/?sub1=zahnarztpraxis-cernovsky\" target=\"_blank\" rel=\"noopener\"><div style=\"position:fixed; bottom:0; left:0; width:100%; background:#0011AD; color:#fff; padding:12px 14px; border-top:1px solid #333; box-shadow:0 -4px 15px rgba(0,0,0,0.25); z-index:9999; font-family:Arial,sans-serif;\">\r\n<div style=\"display:flex; align-items:center; justify-content:center; gap:12px;\">\r\n<!-- Text -->\r\n<div style=\"text-align:center;\">\r\n<div style=\"font-size:18px; font-weight:700;\">\r\nVirile Force \u2013 Jetzt sparen!! \r\n<\/div>\r\n<div style=\"font-size:15px; color:#ccc;\">\r\nExklusiv: 75 % Rabatt\r\n<\/div>\r\n<\/div>\r\n<!-- Button (nach dem Text) -->\r\n<span style=\"background:#ffd700; color:#111; text-decoration:none; padding:10px 14px; border-radius:8px; font-size:22px; font-weight:700; white-space:nowrap;\">\r\nAngebot ansehen\r\n<\/span>\r\n<\/div>\r\n<\/div><\/a>","protected":false},"excerpt":{"rendered":"<p>Virile Force Bewertungen\u00a0 Virile Force ist ein Kapsel-Supplement f\u00fcr M\u00e4nner, die sich fitter und st\u00e4rker f\u00fchlen m\u00f6chten. Es wurde entwickelt, um die sexuelle Leistung und das Wohlbefinden zu unterst\u00fctzen. Die Inhaltsstoffe helfen, den Testosteronspiegel nat\u00fcrlich zu verbessern. Gleichzeitig kann das Produkt die Lust steigern und die Blutzirkulation f\u00f6rdern. Nutzer k\u00f6nnen mehr Energie im Alltag sp\u00fcren &#8230; <a title=\"Virile Force Bewertungen {Warnungen}: Erfahrungen, Nebenwirkungen \u2013 Wirkt es?\" class=\"read-more\" href=\"https:\/\/zahnarztpraxis-cernovsky.de\/apotheke\/product\/virile-force-bewertungen-warnungen-erfahrungen-nebenwirkungen-wirkt-es\/\" aria-label=\"Mehr Informationen \u00fcber Virile Force Bewertungen {Warnungen}: Erfahrungen, Nebenwirkungen \u2013 Wirkt es?\">Weiterlesen<\/a><\/p>\n","protected":false},"featured_media":160,"comment_status":"open","ping_status":"closed","template":"","meta":[],"product_brand":[],"product_cat":[18],"product_tag":[],"class_list":{"0":"post-159","1":"product","2":"type-product","3":"status-publish","4":"has-post-thumbnail","6":"product_cat-maennergesundheit","8":"first","9":"instock","10":"sale","11":"shipping-taxable","12":"product-type-external"},"_links":{"self":[{"href":"https:\/\/zahnarztpraxis-cernovsky.de\/apotheke\/wp-json\/wp\/v2\/product\/159","targetHints":{"allow":["GET"]}}],"collection":[{"href":"https:\/\/zahnarztpraxis-cernovsky.de\/apotheke\/wp-json\/wp\/v2\/product"}],"about":[{"href":"https:\/\/zahnarztpraxis-cernovsky.de\/apotheke\/wp-json\/wp\/v2\/types\/product"}],"replies":[{"embeddable":true,"href":"https:\/\/zahnarztpraxis-cernovsky.de\/apotheke\/wp-json\/wp\/v2\/comments?post=159"}],"wp:featuredmedia":[{"embeddable":true,"href":"https:\/\/zahnarztpraxis-cernovsky.de\/apotheke\/wp-json\/wp\/v2\/media\/160"}],"wp:attachment":[{"href":"https:\/\/zahnarztpraxis-cernovsky.de\/apotheke\/wp-json\/wp\/v2\/media?parent=159"}],"wp:term":[{"taxonomy":"product_brand","embeddable":true,"href":"https:\/\/zahnarztpraxis-cernovsky.de\/apotheke\/wp-json\/wp\/v2\/product_brand?post=159"},{"taxonomy":"product_cat","embeddable":true,"href":"https:\/\/zahnarztpraxis-cernovsky.de\/apotheke\/wp-json\/wp\/v2\/product_cat?post=159"},{"taxonomy":"product_tag","embeddable":true,"href":"https:\/\/zahnarztpraxis-cernovsky.de\/apotheke\/wp-json\/wp\/v2\/product_tag?post=159"}],"curies":[{"name":"wp","href":"https:\/\/api.w.org\/{rel}","templated":true}]}}