{"id":16,"date":"2025-04-16T07:41:19","date_gmt":"2025-04-16T07:41:19","guid":{"rendered":"https:\/\/zahnarztpraxis-cernovsky.de\/apotheke\/?post_type=product&#038;p=16"},"modified":"2025-04-19T08:21:15","modified_gmt":"2025-04-19T08:21:15","slug":"viri-blue","status":"publish","type":"product","link":"https:\/\/zahnarztpraxis-cernovsky.de\/apotheke\/product\/viri-blue\/","title":{"rendered":"Viri Blue"},"content":{"rendered":"<p class=\"\" data-start=\"2065\" data-end=\"2202\"><\/p>\r\n<h2 class=\"wp-block-heading\"><strong>Viri Blue Bewertung<\/strong><\/h2>\r\n<p class=\"\" data-start=\"2065\" data-end=\"2202\">M\u00e4nner m\u00f6chten heute gesund und leistungsf\u00e4hig bleiben \u2013 auch im Intimbereich. Gerade dort ist es wichtig, sich wohl und stark zu f\u00fchlen.<\/p>\r\n<p class=\"\" data-start=\"2204\" data-end=\"2346\"><strong data-start=\"2204\" data-end=\"2217\">Viri Blue<\/strong> ist eine Hilfe f\u00fcr M\u00e4nner, die ihre Energie und sexuelle Kraft steigern m\u00f6chten. Es ist ein Produkt mit nat\u00fcrlichen Wirkstoffen.<\/p>\r\n<p class=\"\" data-start=\"2348\" data-end=\"2491\">Die <strong data-start=\"2352\" data-end=\"2373\">Viri Blue Kapseln<\/strong> f\u00f6rdern die Blutzufuhr im m\u00e4nnlichen Genitalbereich. Das hilft, eine feste und lang anhaltende Erektion zu erreichen.<\/p>\r\n<p class=\"\" data-start=\"2493\" data-end=\"2632\">In diesem Artikel erf\u00e4hrst du mehr \u00fcber <strong data-start=\"2533\" data-end=\"2546\">Viri Blue<\/strong>, seine wichtigsten Inhaltsstoffe, m\u00f6gliche Wirkungen und R\u00fcckmeldungen von Benutzern.<\/p>\r\n<p data-start=\"2493\" data-end=\"2632\"><\/p>\r\n<h2 class=\"wp-block-heading\"><strong>Viri Blue Vorteile<\/strong><\/h2>\r\n<p data-start=\"2493\" data-end=\"2632\"><\/p>\r\n<ul data-start=\"2146\" data-end=\"2541\">\r\n<li class=\"\" data-start=\"2146\" data-end=\"2231\">\r\n<p class=\"\" data-start=\"2148\" data-end=\"2231\"><strong data-start=\"2148\" data-end=\"2179\">Verbesserte Sexualfunktion:<\/strong> Hilft, die m\u00e4nnliche Leistungsf\u00e4higkeit zu st\u00e4rken.<\/p>\r\n<\/li>\r\n<li class=\"\" data-start=\"2232\" data-end=\"2300\">\r\n<p class=\"\" data-start=\"2234\" data-end=\"2300\"><strong data-start=\"2234\" data-end=\"2260\">Energie und Vitalit\u00e4t:<\/strong> Gibt neue Kraft und bek\u00e4mpft M\u00fcdigkeit.<\/p>\r\n<\/li>\r\n<li class=\"\" data-start=\"2301\" data-end=\"2381\">\r\n<p class=\"\" data-start=\"2303\" data-end=\"2381\"><strong data-start=\"2303\" data-end=\"2331\">Mehr Durchhalteverm\u00f6gen:<\/strong> Steigert die Ausdauer bei k\u00f6rperlicher Belastung.<\/p>\r\n<\/li>\r\n<li class=\"\" data-start=\"2382\" data-end=\"2462\">\r\n<p class=\"\" data-start=\"2384\" data-end=\"2462\"><strong data-start=\"2384\" data-end=\"2413\">Psychische Unterst\u00fctzung:<\/strong> Kann die Stimmung heben und den Kopf freimachen.<\/p>\r\n<\/li>\r\n<li class=\"\" data-start=\"2463\" data-end=\"2541\">\r\n<p class=\"\" data-start=\"2465\" data-end=\"2541\"><strong data-start=\"2465\" data-end=\"2486\">Testosteronhilfe:<\/strong> F\u00f6rdert ein gesundes Hormon-Gleichgewicht bei M\u00e4nnern.<\/p>\r\n<\/li>\r\n<\/ul>\r\n<h2 class=\"wp-block-heading\"><strong>Viri-Blue: Was ist das?<\/strong><\/h2>\r\n<p class=\"\" data-start=\"1682\" data-end=\"2026\">Mit <strong data-start=\"1686\" data-end=\"1699\">VIRI-BLUE<\/strong> bekommen M\u00e4nner ein Nahrungserg\u00e4nzungsmittel, das die m\u00e4nnliche Kraft und Gesundheit unterst\u00fctzt.<br data-start=\"1797\" data-end=\"1800\" \/>Das Mittel wird verwendet, um mehr Ausdauer, Energie und sexuelle St\u00e4rke zu f\u00f6rdern \u2013 auch der Testosteronwert kann davon profitieren.<\/p>\r\n<p class=\"\" data-start=\"1682\" data-end=\"2026\">VIRI-BLUE enth\u00e4lt bekannte Naturstoffe, die gut f\u00fcr die m\u00e4nnliche Gesundheit sein k\u00f6nnen.<\/p>\r\n<p data-start=\"1682\" data-end=\"2026\"><\/p>\r\n<h2 class=\"wp-block-heading\"><strong>Comment fonctionne Viri-Blue ?<\/strong><\/h2>\r\n<p data-start=\"1682\" data-end=\"2026\"><\/p>\r\n<ul>\r\n<li data-start=\"1897\" data-end=\"2236\">Viri-Blue combine des ingr\u00e9dients naturels qui aident les hommes \u00e0 rester en forme.<\/li>\r\n<li data-start=\"1897\" data-end=\"2236\">Il am\u00e9liore la circulation sanguine, ce qui aide pour les \u00e9rections et l\u2019\u00e9nergie sexuelle.<\/li>\r\n<li data-start=\"1897\" data-end=\"2236\">Il agit aussi sur les hormones et la fertilit\u00e9 en favorisant une bonne production de sperme.<\/li>\r\n<li data-start=\"1897\" data-end=\"2236\">En r\u00e9sum\u00e9, il soutient la vitalit\u00e9, la libido et la sant\u00e9 intime.<\/li>\r\n<\/ul>\r\n\r\n<h2 class=\"wp-block-heading\"><strong>VirilBlue Composition<\/strong><\/h2>\r\n\r\n<p class=\"\" data-start=\"2996\" data-end=\"3079\">Les capsules de VirilBlue contiennent des \u00e9l\u00e9ments naturels bons pour la virilit\u00e9 :<\/p>\r\n<ul data-start=\"3081\" data-end=\"3548\">\r\n<li class=\"\" data-start=\"3081\" data-end=\"3134\">\r\n<p class=\"\" data-start=\"3083\" data-end=\"3134\"><strong data-start=\"3083\" data-end=\"3091\">Maca<\/strong> : Aide \u00e0 avoir plus d\u2019envie et de plaisir.<\/p>\r\n<\/li>\r\n<li class=\"\" data-start=\"3135\" data-end=\"3219\">\r\n<p class=\"\" data-start=\"3137\" data-end=\"3219\"><strong data-start=\"3137\" data-end=\"3150\">Gingembre<\/strong> : Rend les \u00e9rections plus faciles gr\u00e2ce \u00e0 une meilleure circulation.<\/p>\r\n<\/li>\r\n<li class=\"\" data-start=\"3220\" data-end=\"3287\">\r\n<p class=\"\" data-start=\"3222\" data-end=\"3287\"><strong data-start=\"3222\" data-end=\"3234\">Tribulus<\/strong> : Une plante qui booste la libido et la performance.<\/p>\r\n<\/li>\r\n<li class=\"\" data-start=\"3288\" data-end=\"3367\">\r\n<p class=\"\" data-start=\"3290\" data-end=\"3367\"><strong data-start=\"3290\" data-end=\"3304\">L-Arginine<\/strong> : Favorise des \u00e9rections fortes en augmentant le flux sanguin.<\/p>\r\n<\/li>\r\n<li class=\"\" data-start=\"3368\" data-end=\"3416\">\r\n<p class=\"\" data-start=\"3370\" data-end=\"3416\"><strong data-start=\"3370\" data-end=\"3381\">Taurine<\/strong> : Stimule les hormones masculines.<\/p>\r\n<\/li>\r\n<li class=\"\" data-start=\"3417\" data-end=\"3473\">\r\n<p class=\"\" data-start=\"3419\" data-end=\"3473\"><strong data-start=\"3419\" data-end=\"3427\">Zinc<\/strong> : Utile pour la fertilit\u00e9 et la testost\u00e9rone.<\/p>\r\n<\/li>\r\n<li class=\"\" data-start=\"3474\" data-end=\"3548\">\r\n<p class=\"\" data-start=\"3476\" data-end=\"3548\"><strong data-start=\"3476\" data-end=\"3491\">Vitamine B6<\/strong> : R\u00e9duit la fatigue et am\u00e9liore les fonctions sexuelles.<\/p>\r\n<\/li>\r\n<\/ul>\r\n\r\n<h2 class=\"wp-block-heading\"><strong>Viri-Blue Erfahrungen und Bewertungen<\/strong><\/h2>\r\n\r\n<p class=\"\" data-start=\"1870\" data-end=\"1965\">\ud83d\udd39 <strong data-start=\"1873\" data-end=\"1888\">Tobias (48)<\/strong>: \u201eDie Einnahme ist unkompliziert und die Wirkung kam schneller als gedacht.\u201c<\/p>\r\n<p class=\"\" data-start=\"1967\" data-end=\"2067\">\ud83d\udd39 <strong data-start=\"1970\" data-end=\"1984\">Julia (38)<\/strong>: \u201eIch kann die positiven Bewertungen best\u00e4tigen \u2013 tolles Mittel f\u00fcr mehr Energie.\u201c<\/p>\r\n<p class=\"\" data-start=\"2069\" data-end=\"2144\">\ud83d\udd39 <strong data-start=\"2072\" data-end=\"2087\">Holger (54)<\/strong>: \u201eIch habe mehr Ausdauer und f\u00fchle mich einfach besser.\u201c<\/p>\r\n<p class=\"\" data-start=\"2146\" data-end=\"2230\"><\/p>\r\n<h2 class=\"wp-block-heading\"><strong>Viri-Blue Ergebnisse<\/strong><\/h2>\r\n<p class=\"\" data-start=\"2146\" data-end=\"2230\"><\/p>\r\n<ul data-start=\"1297\" data-end=\"1496\">\r\n<li class=\"\" data-start=\"1297\" data-end=\"1341\">\r\n<p class=\"\" data-start=\"1299\" data-end=\"1341\">St\u00e4rkere Erektionen, die l\u00e4nger anhalten<\/p>\r\n<\/li>\r\n<li class=\"\" data-start=\"1342\" data-end=\"1376\">\r\n<p class=\"\" data-start=\"1344\" data-end=\"1376\">Mehr Lust und sexuelle Energie<\/p>\r\n<\/li>\r\n<li class=\"\" data-start=\"1377\" data-end=\"1405\">\r\n<p class=\"\" data-start=\"1379\" data-end=\"1405\">Bessere Leistung im Bett<\/p>\r\n<\/li>\r\n<li class=\"\" data-start=\"1406\" data-end=\"1444\">\r\n<p class=\"\" data-start=\"1408\" data-end=\"1444\">H\u00f6heres Selbstbewusstsein als Mann<\/p>\r\n<\/li>\r\n<li class=\"\" data-start=\"1445\" data-end=\"1496\">\r\n<p class=\"\" data-start=\"1447\" data-end=\"1496\">Tieferes Vertrauen und mehr N\u00e4he in der Beziehung<\/p>\r\n<\/li>\r\n<\/ul>\r\n\r\n<h2 class=\"wp-block-heading\"><strong>Viri-Blue Nebenwirkungen<\/strong><\/h2>\r\n\r\n<p class=\"\" data-start=\"1360\" data-end=\"1609\">Weil Viri-Blue nur pflanzliche Zutaten enth\u00e4lt, ist es meist gut vertr\u00e4glich. Es ist aber wichtig, sich an die richtige Menge zu halten. Wer zu viel nimmt, k\u00f6nnte Nebenwirkungen bekommen. F\u00fcr die beste Wirkung \u2013 bitte immer nach Anleitung einnehmen.<\/p>\r\n<h2 class=\"wp-block-heading\"><strong>Viri-Blue Kapseln Preise <\/strong><\/h2>\r\n<p class=\"\" data-start=\"1360\" data-end=\"1609\"><\/p>\r\n<p class=\"\" data-start=\"1824\" data-end=\"1931\">Die Viri-Blue-Kapseln sind zu verschiedenen Preisen erh\u00e4ltlich, abh\u00e4ngig vom Shop und eventuellen Rabatten:<\/p>\r\n<ul data-start=\"1933\" data-end=\"2078\">\r\n<li class=\"\" data-start=\"1933\" data-end=\"1968\">\r\n<p class=\"\" data-start=\"1935\" data-end=\"1968\">Einzelpackung: <strong data-start=\"1950\" data-end=\"1966\">rund 39 Euro<\/strong><\/p>\r\n<\/li>\r\n<li class=\"\" data-start=\"1969\" data-end=\"2004\">\r\n<p class=\"\" data-start=\"1971\" data-end=\"2004\">Doppelpackung: <strong data-start=\"1986\" data-end=\"2002\">etwa 67 Euro<\/strong><\/p>\r\n<\/li>\r\n<li class=\"\" data-start=\"2005\" data-end=\"2044\">\r\n<p class=\"\" data-start=\"2007\" data-end=\"2044\">Dreierpackung: <strong data-start=\"2022\" data-end=\"2042\">ungef\u00e4hr 89 Euro<\/strong><\/p>\r\n<\/li>\r\n<li class=\"\" data-start=\"2045\" data-end=\"2078\">\r\n<p class=\"\" data-start=\"2047\" data-end=\"2078\">Viererpackung: <strong data-start=\"2062\" data-end=\"2078\">ca. 117 Euro<\/strong><\/p>\r\n<\/li>\r\n<\/ul>\r\n<p class=\"\" data-start=\"2080\" data-end=\"2180\">\ud83d\uded2 F\u00fcr Sicherheit und Qualit\u00e4t empfiehlt sich der Kauf \u00fcber die offizielle Webseite des Herstellers.<\/p>\r\n<h2 class=\"wp-block-heading\"><strong>O\u00f9 acheter ce Viri-Blue? Prix \u2013 Amazon, Pharmacie<\/strong><\/h2>\r\n<p class=\"\" data-start=\"2080\" data-end=\"2180\"><\/p>\r\n<p class=\"\" data-start=\"1447\" data-end=\"1751\">Viri-Blue est vendu uniquement sur le site officiel du fabricant. Il n\u2019est pas disponible dans les pharmacies ni sur Amazon. Le prix promo est actuellement de <strong data-start=\"1606\" data-end=\"1617\">39,90 \u20ac<\/strong>, contre <strong data-start=\"1626\" data-end=\"1638\">108,00 \u20ac<\/strong> avant. Pour profiter de cette offre, visitez directement le site officiel et passez commande en toute confiance.<\/p>\r\n<p data-start=\"1447\" data-end=\"1751\"><\/p>\r\n<h2 class=\"wp-block-heading\"><strong>Viri-Blue \u2013 Posologie \u2013 Conseil d\u2019utilisation<\/strong><\/h2>\r\n<p data-start=\"1447\" data-end=\"1751\"><\/p>\r\n<p class=\"\" data-start=\"1203\" data-end=\"1437\">Pour maximiser les effets de Viri-Blue, prenez une capsule avec un grand verre d\u2019eau environ 30 minutes avant un rapport intime. Vous pouvez aussi l&#8217;utiliser r\u00e9guli\u00e8rement, mais il est important de ne pas d\u00e9passer la dose recommand\u00e9e.<\/p>\r\n<h2 class=\"wp-block-heading\"><strong>Viri Blue Bewertung: Abschluss<\/strong><\/h2>\r\n<p class=\"\" data-start=\"1203\" data-end=\"1437\"><\/p>\r\n<p class=\"\" data-start=\"2264\" data-end=\"2744\">Viri-Blue-Kapseln sind eine nat\u00fcrliche L\u00f6sung, die M\u00e4nnern hilft, ihre Energie, Vitalit\u00e4t und sexuelle Leistung zu verbessern. Die sorgf\u00e4ltig ausgew\u00e4hlten Inhaltsstoffe f\u00f6rdern das Wohlbefinden. Achten Sie darauf, die Dosierungsempfehlungen zu befolgen und regelm\u00e4\u00dfig zu verwenden, um von den Vorteilen zu profitieren. Kaufen Sie das Produkt nur bei seri\u00f6sen Anbietern. Wenn Sie gesundheitliche Probleme haben oder andere Medikamente einnehmen, sprechen Sie vorher mit einem Arzt.<\/p>\r\n<h2 class=\"wp-block-heading\"><strong>FAQ \u2013 H\u00e4ufig gestellte Fragen zu Viri-Blue Bewertungen<\/strong><\/h2>\r\n<p class=\"\" data-start=\"2264\" data-end=\"2744\"><\/p>\r\n<p class=\"\" data-start=\"4713\" data-end=\"4938\"><strong data-start=\"4713\" data-end=\"4774\">\ud83d\udd39 Kann ich Viri-Blue in der Apotheke oder bei DM kaufen?<\/strong><br data-start=\"4774\" data-end=\"4777\" \/>Viri-Blue ist nicht in Apotheken oder bei DM erh\u00e4ltlich. Es ist nur auf der offiziellen Website des Herstellers erh\u00e4ltlich, um ein echtes Produkt zu garantieren.<\/p>\r\n<p class=\"\" data-start=\"4940\" data-end=\"5195\"><strong data-start=\"4940\" data-end=\"4986\">\ud83d\udd39 Wie sind die Erfahrungen mit Viri-Blue?<\/strong><br data-start=\"4986\" data-end=\"4989\" \/>Die meisten Erfahrungsberichte sind positiv. Nutzer berichten von einer verbesserten Libido, besseren sexuellen Erlebnissen und einer gesteigerten Leistung. Die nat\u00fcrlichen Inhaltsstoffe sind sehr effektiv.<\/p>\r\n<p class=\"\" data-start=\"5197\" data-end=\"5408\"><strong data-start=\"5197\" data-end=\"5245\">\ud83d\udd39 Was kostet Viri-Blue und gibt es Rabatte?<\/strong><br data-start=\"5245\" data-end=\"5248\" \/>Der Preis f\u00fcr Viri-Blue liegt bei 39,00 \u20ac. Es gibt oft Rabatte, besonders beim Kauf mehrerer Packungen. Auf der Hersteller-Website findest du aktuelle Angebote.<\/p>\r\n<p class=\"\" data-start=\"5410\" data-end=\"5601\"><strong data-start=\"5410\" data-end=\"5458\">\ud83d\udd39 Was sagen Nutzer in Foren \u00fcber Viri-Blue?<\/strong><br data-start=\"5458\" data-end=\"5461\" \/>In Foren wird Viri-Blue gut bewertet. Viele Nutzer berichten von einfachen Anwendung und positiven Ergebnissen. Es wird oft weiterempfohlen.<\/p>\r\n<p class=\"\" data-start=\"5603\" data-end=\"5826\"><strong data-start=\"5603\" data-end=\"5659\">\ud83d\udd39 Welche Inhaltsstoffe sind in Viri-Blue enthalten?<\/strong><br data-start=\"5659\" data-end=\"5662\" \/>Viri-Blue enth\u00e4lt sieben nat\u00fcrliche Inhaltsstoffe wie Mineralien, Pflanzenextrakte, Antioxidantien und Carotinoide, die die Gesundheit und das Wohlbefinden f\u00f6rdern.<\/p>\r\n<p data-start=\"5603\" data-end=\"5826\">\n        <div style=\"padding:5px;\">\n<div class=\"scroll-offer-box\">\n  <span class=\"offer-text\">\n   <a href=\"https:\/\/zahnarztpraxis-cernovsky.de\/apotheke\/go\/virilblue\" target=\"_blank\" style=\"color: black;\"><strong>Erhalten Heute 70 % Rabatt!<\/strong> <\/a>\n<a href=\"https:\/\/zahnarztpraxis-cernovsky.de\/apotheke\/go\/virilblue\" target=\"_blank\" class=\"offer-btn\">Gutscheincode!!<\/a><\/span>\n<\/div>\n        <\/div><\/p>\r\n<p class=\"\" data-start=\"2493\" data-end=\"2632\"><\/p>","protected":false},"excerpt":{"rendered":"<p>Viri Blue Bewertung M\u00e4nner m\u00f6chten heute gesund und leistungsf\u00e4hig bleiben \u2013 auch im Intimbereich. Gerade dort ist es wichtig, sich wohl und stark zu f\u00fchlen. Viri Blue ist eine Hilfe f\u00fcr M\u00e4nner, die ihre Energie und sexuelle Kraft steigern m\u00f6chten. Es ist ein Produkt mit nat\u00fcrlichen Wirkstoffen. Die Viri Blue Kapseln f\u00f6rdern die Blutzufuhr im &#8230; <a title=\"Viri Blue\" class=\"read-more\" href=\"https:\/\/zahnarztpraxis-cernovsky.de\/apotheke\/product\/viri-blue\/\" aria-label=\"Mehr Informationen \u00fcber Viri Blue\">Weiterlesen<\/a><\/p>\n","protected":false},"featured_media":17,"comment_status":"open","ping_status":"closed","template":"","meta":[],"product_brand":[],"product_cat":[17],"product_tag":[],"class_list":{"0":"post-16","1":"product","2":"type-product","3":"status-publish","4":"has-post-thumbnail","6":"product_cat-gesundheit","8":"first","9":"instock","10":"sale","11":"shipping-taxable","12":"product-type-external"},"_links":{"self":[{"href":"https:\/\/zahnarztpraxis-cernovsky.de\/apotheke\/wp-json\/wp\/v2\/product\/16","targetHints":{"allow":["GET"]}}],"collection":[{"href":"https:\/\/zahnarztpraxis-cernovsky.de\/apotheke\/wp-json\/wp\/v2\/product"}],"about":[{"href":"https:\/\/zahnarztpraxis-cernovsky.de\/apotheke\/wp-json\/wp\/v2\/types\/product"}],"replies":[{"embeddable":true,"href":"https:\/\/zahnarztpraxis-cernovsky.de\/apotheke\/wp-json\/wp\/v2\/comments?post=16"}],"wp:featuredmedia":[{"embeddable":true,"href":"https:\/\/zahnarztpraxis-cernovsky.de\/apotheke\/wp-json\/wp\/v2\/media\/17"}],"wp:attachment":[{"href":"https:\/\/zahnarztpraxis-cernovsky.de\/apotheke\/wp-json\/wp\/v2\/media?parent=16"}],"wp:term":[{"taxonomy":"product_brand","embeddable":true,"href":"https:\/\/zahnarztpraxis-cernovsky.de\/apotheke\/wp-json\/wp\/v2\/product_brand?post=16"},{"taxonomy":"product_cat","embeddable":true,"href":"https:\/\/zahnarztpraxis-cernovsky.de\/apotheke\/wp-json\/wp\/v2\/product_cat?post=16"},{"taxonomy":"product_tag","embeddable":true,"href":"https:\/\/zahnarztpraxis-cernovsky.de\/apotheke\/wp-json\/wp\/v2\/product_tag?post=16"}],"curies":[{"name":"wp","href":"https:\/\/api.w.org\/{rel}","templated":true}]}}